{"id":4064,"date":"2025-05-05T20:45:54","date_gmt":"2025-05-05T20:45:54","guid":{"rendered":"https:\/\/gallant-antonelli.185-146-238-135.plesk.page\/?page_id=4064"},"modified":"2025-06-07T08:57:14","modified_gmt":"2025-06-07T08:57:14","slug":"agb","status":"publish","type":"page","link":"https:\/\/karin-mueller.com\/index.php\/agb\/","title":{"rendered":"AGB"},"content":{"rendered":"\t\t<div data-elementor-type=\"wp-page\" data-elementor-id=\"4064\" class=\"elementor elementor-4064\">\n\t\t\t\t<div class=\"has_eae_slider aux-parallax-section elementor-element elementor-element-c7a5164 e-flex e-con-boxed e-con e-parent\" data-eae-slider=\"29599\" data-id=\"c7a5164\" data-element_type=\"container\" data-e-type=\"container\" data-settings=\"{&quot;background_background&quot;:&quot;classic&quot;}\">\n\t\t\t\t\t<div class=\"e-con-inner\">\n\t\t<div class=\"has_eae_slider elementor-element elementor-element-6bd2afe e-con-full e-flex e-con e-child\" data-eae-slider=\"59531\" data-id=\"6bd2afe\" data-element_type=\"container\" data-e-type=\"container\">\n\t\t\t\t<div class=\"elementor-element elementor-element-759f6fb elementor-widget elementor-widget-heading\" data-id=\"759f6fb\" data-element_type=\"widget\" data-e-type=\"widget\" data-widget_type=\"heading.default\">\n\t\t\t\t<div class=\"elementor-widget-container\">\n\t\t\t\t\t<h2 class=\"elementor-heading-title elementor-size-default\">Allgemeine Gesch\u00e4ftsbedingungen<\/h2>\t\t\t\t<\/div>\n\t\t\t\t<\/div>\n\t\t\t\t<\/div>\n\t\t\t\t\t<\/div>\n\t\t\t\t<\/div>\n\t\t<div class=\"has_eae_slider aux-parallax-section elementor-element elementor-element-b757944 e-flex e-con-boxed e-con e-parent\" data-eae-slider=\"74118\" data-id=\"b757944\" data-element_type=\"container\" data-e-type=\"container\" data-settings=\"{&quot;background_background&quot;:&quot;classic&quot;}\">\n\t\t\t\t\t<div class=\"e-con-inner\">\n\t\t\t\t<div class=\"elementor-element elementor-element-48a5977 elementor-widget elementor-widget-text-editor\" data-id=\"48a5977\" data-element_type=\"widget\" data-e-type=\"widget\" data-widget_type=\"text-editor.default\">\n\t\t\t\t<div class=\"elementor-widget-container\">\n\t\t\t\t\t\t\t\t\t<p style=\"font-weight: 400;\">Diese AGB gelten auch f\u00fcr alle k\u00fcnftigen Gesch\u00e4fte.<\/p><p style=\"font-weight: 400;\">Die Anmeldung zu meinen Seminaren und Workshops erfolgt ausschlie\u00dflich schriftlich \u00fcber das Anmeldeformular auf meiner Homepage.<\/p><p style=\"font-weight: 400;\">F\u00fcr eine verbindliche Anmeldung zu einer kostenpflichtigen, durch mich organisierten Veranstaltung bitte ich um vollst\u00e4ndige \u00dcberweisung des Seminarbeitrags auf das von mir separat mit der automatisch versandten Anmeldebest\u00e4tigung mitgeteilte Konto.<\/p><p style=\"font-weight: 400;\">Dein Platz ist mit Eingang der Anmeldebest\u00e4tigung oder Zusage durch mich pers\u00f6nlich f\u00fcr 14 Tage verbindlich reserviert. Wenn die Kursgeb\u00fchr (oder nach pers\u00f6nlicher, individueller Absprache eine Anzahlung oder Ratenzahlung) bis dahin nicht eingegangen ist, kann der Platz von mir anderweitig vergeben werden.<\/p><p style=\"font-weight: 400;\">W\u00e4hrend dieser Zeit kannst du nat\u00fcrlich von deinem gesetzlichen Widerrufsrecht Gebrauch machen und auch ich behalte mir das Recht vor, deine Anmeldung z.B. wegen \u00dcberbuchung oder Nichterreichen der Mindestteilnehmerzahl zu stornieren.<\/p><p style=\"font-weight: 400;\">Dar\u00fcber w\u00fcrde ich dich selbstverst\u00e4ndlich m\u00f6glichst zeitnah informieren.<\/p><p style=\"font-weight: 400;\">Bei R\u00fccktritt von deiner Seite in der Zeitspanne ab 4 Wochen vor Seminarbeginn bis zwei Wochen vorher behalte ich eine Bearbeitungsgeb\u00fchr von 30 \u20ac ein, bis eine Woche vorher die H\u00e4lfte, bis 48 Stunden zwei Drittel, danach oder bei Nichterscheinen ist der volle Preis f\u00e4llig.<\/p><p style=\"font-weight: 400;\">Kann jemand gefunden werden, der oder die f\u00fcr dich nachr\u00fcckt oder buchst du deine Teilnahme rechtzeitig (bis 24 Stunden vor dem Kurs) auf einen anderen Termin innerhalb der folgenden zw\u00f6lf Monate um, bleibt es bei den 30 Euro f\u00fcr die Bearbeitung.<\/p><p style=\"font-weight: 400;\">Wird ein Seminar von mir aus triftigen Gr\u00fcnden abgesagt, biete ich einen Ersatztermin an, der der Mehrheit der bereits angemeldeten Teilnehmenden passen muss. Andernfalls erstatte ich bereits an mich geleistete Zahlungen selbstverst\u00e4ndlich zur\u00fcck.<\/p><p style=\"font-weight: 400;\">Ich hafte allerdings nicht f\u00fcr deine eventuell anfallenden Reise(neben)kosten (Bahntickets, Hotelreservierung o.\u00e4.) oder komme daf\u00fcr auf.<\/p><p style=\"font-weight: 400;\">Ich empfehle dir im Zweifelsfall den Abschluss einer geeigneten Reiseversicherung.<\/p><p style=\"font-weight: 400;\">Deine Teilnahme an Seminaren, Workshops oder Einzelterminen bei mir erfolgt auf grunds\u00e4tzlich eigene Gefahr. Physische und psychische Stabilit\u00e4t setze ich voraus und \u00fcbernehme auch hier keine Haftung.<\/p><p style=\"font-weight: 400;\">Karin M\u00fcller, Burgwedel im Mai 2025<\/p>\t\t\t\t\t\t\t\t<\/div>\n\t\t\t\t<\/div>\n\t\t\t\t\t<\/div>\n\t\t\t\t<\/div>\n\t\t\t\t<\/div>\n\t\t","protected":false},"excerpt":{"rendered":"<p>Allgemeine Gesch\u00e4ftsbedingungen Diese AGB gelten auch f\u00fcr alle k\u00fcnftigen Gesch\u00e4fte. Die Anmeldung zu meinen Seminaren und Workshops erfolgt ausschlie\u00dflich schriftlich \u00fcber das Anmeldeformular auf meiner Homepage. F\u00fcr eine verbindliche Anmeldung zu einer kostenpflichtigen, durch mich organisierten Veranstaltung bitte ich um vollst\u00e4ndige \u00dcberweisung des Seminarbeitrags auf das von mir separat mit der automatisch versandten Anmeldebest\u00e4tigung mitgeteilte [&hellip;]<\/p>\n","protected":false},"author":2,"featured_media":0,"parent":0,"menu_order":0,"comment_status":"closed","ping_status":"closed","template":"","meta":{"_metis_text_type":"standard","_metis_text_length":2294,"_post_count":0,"footnotes":""},"class_list":["post-4064","page","type-page","status-publish","hentry"],"aioseo_notices":[],"public_identification_id":"bf95cac71f7f47d282b4f2d0aa61769e","private_identification_id":"440322af0f3b4787a03e2f22011b074c","_links":{"self":[{"href":"https:\/\/karin-mueller.com\/index.php\/wp-json\/wp\/v2\/pages\/4064","targetHints":{"allow":["GET"]}}],"collection":[{"href":"https:\/\/karin-mueller.com\/index.php\/wp-json\/wp\/v2\/pages"}],"about":[{"href":"https:\/\/karin-mueller.com\/index.php\/wp-json\/wp\/v2\/types\/page"}],"author":[{"embeddable":true,"href":"https:\/\/karin-mueller.com\/index.php\/wp-json\/wp\/v2\/users\/2"}],"replies":[{"embeddable":true,"href":"https:\/\/karin-mueller.com\/index.php\/wp-json\/wp\/v2\/comments?post=4064"}],"version-history":[{"count":7,"href":"https:\/\/karin-mueller.com\/index.php\/wp-json\/wp\/v2\/pages\/4064\/revisions"}],"predecessor-version":[{"id":4337,"href":"https:\/\/karin-mueller.com\/index.php\/wp-json\/wp\/v2\/pages\/4064\/revisions\/4337"}],"wp:attachment":[{"href":"https:\/\/karin-mueller.com\/index.php\/wp-json\/wp\/v2\/media?parent=4064"}],"curies":[{"name":"wp","href":"https:\/\/api.w.org\/{rel}","templated":true}]}}