{"id":508,"date":"2025-02-11T14:51:45","date_gmt":"2025-02-11T14:51:45","guid":{"rendered":"https:\/\/gallant-antonelli.185-146-238-135.plesk.page\/?page_id=508"},"modified":"2025-04-25T14:49:46","modified_gmt":"2025-04-25T14:49:46","slug":"impressum","status":"publish","type":"page","link":"https:\/\/karin-mueller.com\/index.php\/impressum\/","title":{"rendered":"Impressum"},"content":{"rendered":"\t\t<div data-elementor-type=\"wp-page\" data-elementor-id=\"508\" class=\"elementor elementor-508\">\n\t\t\t\t<div class=\"has_eae_slider aux-parallax-section elementor-element elementor-element-c7a5164 e-flex e-con-boxed e-con e-parent\" data-eae-slider=\"29563\" data-id=\"c7a5164\" data-element_type=\"container\" data-e-type=\"container\" data-settings=\"{&quot;background_background&quot;:&quot;classic&quot;}\">\n\t\t\t\t\t<div class=\"e-con-inner\">\n\t\t<div class=\"has_eae_slider elementor-element elementor-element-6bd2afe e-con-full e-flex e-con e-child\" data-eae-slider=\"52778\" data-id=\"6bd2afe\" data-element_type=\"container\" data-e-type=\"container\">\n\t\t\t\t<div class=\"elementor-element elementor-element-759f6fb elementor-widget elementor-widget-heading\" data-id=\"759f6fb\" data-element_type=\"widget\" data-e-type=\"widget\" data-widget_type=\"heading.default\">\n\t\t\t\t<div class=\"elementor-widget-container\">\n\t\t\t\t\t<h2 class=\"elementor-heading-title elementor-size-default\">IMPRESSUM<\/h2>\t\t\t\t<\/div>\n\t\t\t\t<\/div>\n\t\t\t\t<\/div>\n\t\t\t\t\t<\/div>\n\t\t\t\t<\/div>\n\t\t<div class=\"has_eae_slider aux-parallax-section elementor-element elementor-element-b757944 e-flex e-con-boxed e-con e-parent\" data-eae-slider=\"81090\" data-id=\"b757944\" data-element_type=\"container\" data-e-type=\"container\" data-settings=\"{&quot;background_background&quot;:&quot;classic&quot;}\">\n\t\t\t\t\t<div class=\"e-con-inner\">\n\t\t\t\t<div class=\"elementor-element elementor-element-48a5977 elementor-widget elementor-widget-text-editor\" data-id=\"48a5977\" data-element_type=\"widget\" data-e-type=\"widget\" data-widget_type=\"text-editor.default\">\n\t\t\t\t<div class=\"elementor-widget-container\">\n\t\t\t\t\t\t\t\t\t<h5>Karin M\u00fcller<\/h5><p>K\u00f6sterweg 10<br \/>D-30938 Burgwedel<\/p><p>Tel. +49 (0) 5139 \/ 89 67 29<br \/>(Bitte eine Nachricht auf dem Anrufbeantworter hinterlassen)<\/p><p>Fax. +49 (0) 5139 \/ 97 10 41<\/p><p>E-Mail:<br \/><a href=\"&#x6d;&#x61;&#x69;&#x6c;&#116;&#111;:ti&#x65;&#x72;&#x6b;&#x6f;&#109;&#109;uni&#x6b;&#x61;&#x74;&#x69;&#111;&#110;&#64;ka&#x72;&#x69;&#x6e;&#x2d;&#109;&#117;&#101;ll&#x65;&#x72;&#x2e;&#x63;&#111;&#109;\">&#116;&#x69;e&#114;&#x6b;o&#109;&#x6d;u&#x6e;&#x69;&#107;&#x61;t&#105;&#x6f;n&#64;&#x6b;a&#x72;&#x69;&#110;&#x2d;&#x6d;&#117;&#x65;l&#108;&#x65;r&#46;&#x63;o&#x6d;<\/a><\/p><p>Web:<br \/><a title=\"www.karin-mueller.com\" href=\"https:\/\/karin-mueller.com\/\">www.karin-mueller.com<\/a><\/p><p>USt.-Ident-Nr.: DE 22 888 49 17<\/p><p><strong>Rechtlicher Hinweis &#8211; Haftung f\u00fcr Links:<\/strong><br \/><em>&#8222;Mit Urteil vom 12. Mai 1998 &#8211; 312 O 85\/98 &#8211; &#8222;Haftung f\u00fcr Links&#8220; hat das Landgericht (LG) Hamburg entschieden, dass man durch das Setzen eines Links, die Inhalte der gelinkten Seite mit zu verantworten hat.&#8220;<\/em><br \/>Mein Angebot enth\u00e4lt Links zu externen Webseiten Dritter, auf deren Inhalte ich keinen Einfluss habe. Deshalb kann ich f\u00fcr diese fremden Inhalte auch keine Gew\u00e4hr \u00fcbernehmen. F\u00fcr die Inhalte der verlinkten Seiten ist stets der jeweilige Anbieter oder Betreiber der Seiten verantwortlich. Die verlinkten Seiten wurden zum Zeitpunkt der Verlinkung auf m\u00f6gliche Rechtsverst\u00f6\u00dfe \u00fcberpr\u00fcft. Rechtswidrige Inhalte waren zum Zeitpunkt der Verlinkung nicht erkennbar. Eine permanente inhaltliche Kontrolle der verlinkten Seiten ist jedoch ohne konkrete Anhaltspunkte einer Rechtsverletzung nicht zumutbar. Bei Bekanntwerden von Rechtsverletzungen werde ich derartige Links umgehend entfernen.<\/p>\t\t\t\t\t\t\t\t<\/div>\n\t\t\t\t<\/div>\n\t\t\t\t\t<\/div>\n\t\t\t\t<\/div>\n\t\t\t\t<\/div>\n\t\t","protected":false},"excerpt":{"rendered":"<p>IMPRESSUM Karin M\u00fcller K\u00f6sterweg 10D-30938 Burgwedel Tel. +49 (0) 5139 \/ 89 67 29(Bitte eine Nachricht auf dem Anrufbeantworter hinterlassen) Fax. +49 (0) 5139 \/ 97 10 41 E-Mail:t&#105;&#101;&#x72;&#x6b;o&#109;&#109;&#x75;&#x6e;&#x69;k&#97;&#116;&#x69;&#x6f;n&#64;&#107;&#x61;&#x72;&#x69;n&#45;&#109;&#x75;&#x65;ll&#101;&#x72;&#x2e;&#x63;o&#109; Web:www.karin-mueller.com USt.-Ident-Nr.: DE 22 888 49 17 Rechtlicher Hinweis &#8211; Haftung f\u00fcr Links:&#8222;Mit Urteil vom 12. Mai 1998 &#8211; 312 O 85\/98 &#8211; &#8222;Haftung f\u00fcr Links&#8220; [&hellip;]<\/p>\n","protected":false},"author":2,"featured_media":0,"parent":0,"menu_order":0,"comment_status":"closed","ping_status":"closed","template":"","meta":{"_metis_text_type":"standard","_metis_text_length":1378,"_post_count":0,"footnotes":""},"class_list":["post-508","page","type-page","status-publish","hentry"],"aioseo_notices":[],"public_identification_id":"d26a9487aa184cd6bd2b5db4c5614b63","private_identification_id":"82c4872670c44497a88de4f377302040","_links":{"self":[{"href":"https:\/\/karin-mueller.com\/index.php\/wp-json\/wp\/v2\/pages\/508","targetHints":{"allow":["GET"]}}],"collection":[{"href":"https:\/\/karin-mueller.com\/index.php\/wp-json\/wp\/v2\/pages"}],"about":[{"href":"https:\/\/karin-mueller.com\/index.php\/wp-json\/wp\/v2\/types\/page"}],"author":[{"embeddable":true,"href":"https:\/\/karin-mueller.com\/index.php\/wp-json\/wp\/v2\/users\/2"}],"replies":[{"embeddable":true,"href":"https:\/\/karin-mueller.com\/index.php\/wp-json\/wp\/v2\/comments?post=508"}],"version-history":[{"count":0,"href":"https:\/\/karin-mueller.com\/index.php\/wp-json\/wp\/v2\/pages\/508\/revisions"}],"wp:attachment":[{"href":"https:\/\/karin-mueller.com\/index.php\/wp-json\/wp\/v2\/media?parent=508"}],"curies":[{"name":"wp","href":"https:\/\/api.w.org\/{rel}","templated":true}]}}